{"id":230,"date":"2022-01-11T21:56:53","date_gmt":"2022-01-11T19:56:53","guid":{"rendered":"https:\/\/terradacia.md\/?post_type=product&#038;p=230"},"modified":"2025-02-01T21:06:36","modified_gmt":"2025-02-01T19:06:36","slug":"cabernet-franc-2019","status":"publish","type":"product","link":"https:\/\/terradacia.md\/ru\/product\/cabernet-franc-2019\/","title":{"rendered":"Cabernet Franc 2019"},"content":{"rendered":"","protected":false},"excerpt":{"rendered":"<p>\u041a\u0440\u0430\u0441\u043d\u043e\u0435 \u0441\u0443\u0445\u043e\u0435 \u0432\u0438\u043d\u043e, \u043f\u0440\u043e\u0438\u0437\u0432\u0435\u0434\u0435\u043d\u043d\u043e\u0435 \u0438\u0437 \u0432\u0438\u043d\u043e\u0433\u0440\u0430\u0434\u0430 \u0441\u043e\u0440\u0442\u0430 <strong>Cabernet<\/strong> <strong>Franc<\/strong>, cu corp mediu spre corpolent, aciditate ridicat\u0103 \u0219i tanini m\u0103t\u0103so\u0219i. Mult prea t\u00e2n\u0103r pentru consum \u00een prezent, dar foarte bun, cu un poten\u021bial excelent pentru maturare la sticl\u0103.<\/p>","protected":false},"featured_media":2187,"comment_status":"open","ping_status":"closed","template":"","meta":[],"product_cat":[21],"product_tag":[44,43],"class_list":{"0":"post-230","1":"product","2":"type-product","3":"status-publish","4":"has-post-thumbnail","6":"product_cat-vinuri-rosii","7":"product_tag-44","8":"product_tag-cabernet-franc-blanc","10":"first","11":"instock","12":"shipping-taxable","13":"product-type-simple"},"acf":[],"_links":{"self":[{"href":"https:\/\/terradacia.md\/ru\/wp-json\/wp\/v2\/product\/230","targetHints":{"allow":["GET"]}}],"collection":[{"href":"https:\/\/terradacia.md\/ru\/wp-json\/wp\/v2\/product"}],"about":[{"href":"https:\/\/terradacia.md\/ru\/wp-json\/wp\/v2\/types\/product"}],"replies":[{"embeddable":true,"href":"https:\/\/terradacia.md\/ru\/wp-json\/wp\/v2\/comments?post=230"}],"wp:featuredmedia":[{"embeddable":true,"href":"https:\/\/terradacia.md\/ru\/wp-json\/wp\/v2\/media\/2187"}],"wp:attachment":[{"href":"https:\/\/terradacia.md\/ru\/wp-json\/wp\/v2\/media?parent=230"}],"wp:term":[{"taxonomy":"product_cat","embeddable":true,"href":"https:\/\/terradacia.md\/ru\/wp-json\/wp\/v2\/product_cat?post=230"},{"taxonomy":"product_tag","embeddable":true,"href":"https:\/\/terradacia.md\/ru\/wp-json\/wp\/v2\/product_tag?post=230"}],"curies":[{"name":"wp","href":"https:\/\/api.w.org\/{rel}","templated":true}]}}